{"id":496,"date":"2020-03-16T15:40:07","date_gmt":"2020-03-16T15:40:07","guid":{"rendered":"https:\/\/the7.io\/elementor-minimal-creative-light\/?page_id=496"},"modified":"2021-01-22T09:36:37","modified_gmt":"2021-01-22T09:36:37","slug":"les-jeux","status":"publish","type":"page","link":"https:\/\/hrgamesonline.com\/fr\/les-jeux\/","title":{"rendered":"Les jeux"},"content":{"rendered":"\t\t<div data-elementor-type=\"wp-page\" data-elementor-id=\"496\" class=\"elementor elementor-496\">\n\t\t\t\t\t\t<section class=\"elementor-section elementor-top-section elementor-element elementor-element-2dffebd elementor-section-boxed elementor-section-height-default elementor-section-height-default\" data-id=\"2dffebd\" data-element_type=\"section\">\n\t\t\t\t\t\t<div class=\"elementor-container elementor-column-gap-default\">\n\t\t\t\t\t<div class=\"elementor-column elementor-col-100 elementor-top-column elementor-element elementor-element-1722713\" data-id=\"1722713\" data-element_type=\"column\">\n\t\t\t<div class=\"elementor-widget-wrap elementor-element-populated\">\n\t\t\t\t\t\t<div class=\"elementor-element elementor-element-459868f elementor-widget elementor-widget-heading\" data-id=\"459868f\" data-element_type=\"widget\" data-widget_type=\"heading.default\">\n\t\t\t\t<div class=\"elementor-widget-container\">\n\t\t\t\t\t<h1 class=\"elementor-heading-title elementor-size-default\"><br><h1 class=\"elementor-heading-title elementor-size-default elementor-inline-editing pen\" data-elementor-setting-key=\"title\" data-pen-placeholder=\"\u00c9crivez ici...\" style=\"font-size: 3.8vw;line-height: 1.1em\">Nos jeux \u00e0 distance ! <\/h1>\n<\/h1>\t\t\t\t<\/div>\n\t\t\t\t<\/div>\n\t\t\t\t\t<\/div>\n\t\t<\/div>\n\t\t\t\t\t<\/div>\n\t\t<\/section>\n\t\t\t\t<section class=\"elementor-section elementor-top-section elementor-element elementor-element-156fda3f elementor-section-boxed elementor-section-height-default elementor-section-height-default\" data-id=\"156fda3f\" data-element_type=\"section\">\n\t\t\t\t\t\t<div class=\"elementor-container elementor-column-gap-wider\">\n\t\t\t\t\t<div class=\"elementor-column elementor-col-100 elementor-top-column elementor-element elementor-element-2cfbb4d5\" data-id=\"2cfbb4d5\" data-element_type=\"column\">\n\t\t\t<div class=\"elementor-widget-wrap elementor-element-populated\">\n\t\t\t\t\t\t<div class=\"elementor-element elementor-element-5fa14832 elementor-widget elementor-widget-the7_elements\" data-id=\"5fa14832\" data-element_type=\"widget\" data-widget_type=\"the7_elements.default\">\n\t\t\t\t<div class=\"elementor-widget-container\">\n\t\t\t\t\t<div class=\"portfolio-shortcode the7-elementor-widget the7_elements-5fa14832 mode-masonry gradient-overlap-layout-list description-under-image content-bg-on widget-with-filter loading-effect-none jquery-filter lazy-loading-mode\" data-padding=\"0\" data-width=\"300\" data-columns=\"3\" data-post-limit=\"6\" data-pagination-mode=\"load-more\" data-scroll-offset=\"\" aria-live=\"assertive\"><div class=\"iso-container dt-isotope custom-iso-columns\"><div class=\"visible wf-cell iso-item category-12\" data-post-id=\"482\" data-date=\"2020-03-01T23:24:00+00:00\" data-name=\"Vacances dans le monde entier\"><article class=\"post visible post-482 dt_portfolio type-dt_portfolio status-publish has-post-thumbnail hentry dt_portfolio_category-jeux-a-distance\" data-name=\"Vacances dans le monde entier\" data-date=\"2020-03-01T23:24:00+00:00\">\n\n\t<div class=\"post-thumbnail-wrap\">\n\t\t<div class=\"post-thumbnail\">\n\n\t\t\t<a class=\"post-thumbnail-rollover layzr-bg img-css-resize-wrapper\" aria-label=\"Image article\" href=\"https:\/\/hrgamesonline.com\/fr\/project\/project014\/\"><img fetchpriority=\"high\" decoding=\"async\" width=\"1920\" height=\"1008\" src=\"data:image\/svg+xml,%3Csvg%20xmlns%3D&#039;http%3A%2F%2Fwww.w3.org%2F2000%2Fsvg&#039;%20viewBox%3D&#039;0%200%201920%201008&#039;%2F%3E\" class=\"attachment-full size-full preload-me aspect lazy lazy-load\" alt=\"Hr games online the perfect partners\" sizes=\"(max-width: 1920px) 100vw, 1920px\" style=\"--ratio: 1920 \/ 1008;\" data-src=\"https:\/\/hrgamesonline.com\/wp-content\/uploads\/2021\/01\/shaking-hands-2499628_1920.jpg\" loading=\"eager\" data-srcset=\"https:\/\/hrgamesonline.com\/wp-content\/uploads\/2021\/01\/shaking-hands-2499628_1920.jpg 1920w, https:\/\/hrgamesonline.com\/wp-content\/uploads\/2021\/01\/shaking-hands-2499628_1920-300x158.jpg 300w, https:\/\/hrgamesonline.com\/wp-content\/uploads\/2021\/01\/shaking-hands-2499628_1920-1024x538.jpg 1024w, https:\/\/hrgamesonline.com\/wp-content\/uploads\/2021\/01\/shaking-hands-2499628_1920-768x403.jpg 768w, https:\/\/hrgamesonline.com\/wp-content\/uploads\/2021\/01\/shaking-hands-2499628_1920-1536x806.jpg 1536w\" \/><span class=\"the7-hover-icon\"><i aria-hidden=\"true\" class=\" icomoon-the7-font-the7-plus-04\"><\/i><\/span><\/a>\n\t\t<\/div>\n\t<\/div>\n\n\n<div class=\"post-entry-content\">\n\n\t<h3 class=\"ele-entry-title\"><a href=\"https:\/\/hrgamesonline.com\/fr\/project\/project014\/\" rel=\"bookmark\" title=\"Vacances dans le monde entier\">Vacances dans le monde entier<\/a><\/h3><div class=\"entry-meta\"><span class=\"meta-item category-link\"><a href=\"https:\/\/hrgamesonline.com\/fr\/project-category\/jeux-a-distance\/\" rel=\"tag\">Jeux \u00e0 distance<\/a><\/span><\/div>\n<\/div><\/article><\/div><div class=\"visible wf-cell iso-item category-12\" data-post-id=\"463\" data-date=\"2020-03-01T23:22:39+00:00\" data-name=\"Jeux olympiques en ligne\"><article class=\"post visible post-463 dt_portfolio type-dt_portfolio status-publish has-post-thumbnail hentry dt_portfolio_category-jeux-a-distance\" data-name=\"Jeux olympiques en ligne\" data-date=\"2020-03-01T23:22:39+00:00\">\n\n\t<div class=\"post-thumbnail-wrap\">\n\t\t<div class=\"post-thumbnail\">\n\n\t\t\t<a class=\"post-thumbnail-rollover layzr-bg img-css-resize-wrapper\" aria-label=\"Image article\" href=\"https:\/\/hrgamesonline.com\/fr\/project\/project010\/\"><img decoding=\"async\" width=\"2560\" height=\"1538\" src=\"data:image\/svg+xml,%3Csvg%20xmlns%3D&#039;http%3A%2F%2Fwww.w3.org%2F2000%2Fsvg&#039;%20viewBox%3D&#039;0%200%202560%201538&#039;%2F%3E\" class=\"attachment-full size-full preload-me aspect lazy lazy-load\" alt=\"\" sizes=\"(max-width: 2560px) 100vw, 2560px\" style=\"--ratio: 2560 \/ 1538;\" data-src=\"https:\/\/hrgamesonline.com\/wp-content\/uploads\/2021\/01\/bryan-turner-mF9m6BRHCtg-unsplash-scaled.jpg\" loading=\"eager\" data-srcset=\"https:\/\/hrgamesonline.com\/wp-content\/uploads\/2021\/01\/bryan-turner-mF9m6BRHCtg-unsplash-scaled.jpg 2560w, https:\/\/hrgamesonline.com\/wp-content\/uploads\/2021\/01\/bryan-turner-mF9m6BRHCtg-unsplash-300x180.jpg 300w, https:\/\/hrgamesonline.com\/wp-content\/uploads\/2021\/01\/bryan-turner-mF9m6BRHCtg-unsplash-1024x615.jpg 1024w, https:\/\/hrgamesonline.com\/wp-content\/uploads\/2021\/01\/bryan-turner-mF9m6BRHCtg-unsplash-768x461.jpg 768w, https:\/\/hrgamesonline.com\/wp-content\/uploads\/2021\/01\/bryan-turner-mF9m6BRHCtg-unsplash-1536x923.jpg 1536w, https:\/\/hrgamesonline.com\/wp-content\/uploads\/2021\/01\/bryan-turner-mF9m6BRHCtg-unsplash-2048x1231.jpg 2048w\" \/><span class=\"the7-hover-icon\"><i aria-hidden=\"true\" class=\" icomoon-the7-font-the7-plus-04\"><\/i><\/span><\/a>\n\t\t<\/div>\n\t<\/div>\n\n\n<div class=\"post-entry-content\">\n\n\t<h3 class=\"ele-entry-title\"><a href=\"https:\/\/hrgamesonline.com\/fr\/project\/project010\/\" rel=\"bookmark\" title=\"Jeux olympiques en ligne\">Jeux olympiques en ligne<\/a><\/h3><div class=\"entry-meta\"><span class=\"meta-item category-link\"><a href=\"https:\/\/hrgamesonline.com\/fr\/project-category\/jeux-a-distance\/\" rel=\"tag\">Jeux \u00e0 distance<\/a><\/span><\/div>\n<\/div><\/article><\/div><div class=\"visible wf-cell iso-item category-12\" data-post-id=\"2240\" data-date=\"2020-03-01T12:02:00+00:00\" data-name=\"Le jeu de la diff\u00e9rence en ligne\"><article class=\"post visible post-2240 dt_portfolio type-dt_portfolio status-publish has-post-thumbnail hentry dt_portfolio_category-jeux-a-distance\" data-name=\"Le jeu de la diff\u00e9rence en ligne\" data-date=\"2020-03-01T12:02:00+00:00\">\n\n\t<div class=\"post-thumbnail-wrap\">\n\t\t<div class=\"post-thumbnail\">\n\n\t\t\t<a class=\"post-thumbnail-rollover layzr-bg img-css-resize-wrapper\" aria-label=\"Image article\" href=\"https:\/\/hrgamesonline.com\/fr\/project\/project019\/\"><img decoding=\"async\" width=\"2560\" height=\"1712\" src=\"data:image\/svg+xml,%3Csvg%20xmlns%3D&#039;http%3A%2F%2Fwww.w3.org%2F2000%2Fsvg&#039;%20viewBox%3D&#039;0%200%202560%201712&#039;%2F%3E\" class=\"attachment-full size-full preload-me aspect lazy lazy-load\" alt=\"\" sizes=\"(max-width: 2560px) 100vw, 2560px\" style=\"--ratio: 2560 \/ 1712;\" data-src=\"https:\/\/hrgamesonline.com\/wp-content\/uploads\/2021\/01\/joshua-woroniecki-lzh3hPtJz9c-unsplash-scaled.jpg\" loading=\"eager\" data-srcset=\"https:\/\/hrgamesonline.com\/wp-content\/uploads\/2021\/01\/joshua-woroniecki-lzh3hPtJz9c-unsplash-scaled.jpg 2560w, https:\/\/hrgamesonline.com\/wp-content\/uploads\/2021\/01\/joshua-woroniecki-lzh3hPtJz9c-unsplash-300x201.jpg 300w, https:\/\/hrgamesonline.com\/wp-content\/uploads\/2021\/01\/joshua-woroniecki-lzh3hPtJz9c-unsplash-1024x685.jpg 1024w, https:\/\/hrgamesonline.com\/wp-content\/uploads\/2021\/01\/joshua-woroniecki-lzh3hPtJz9c-unsplash-768x514.jpg 768w, https:\/\/hrgamesonline.com\/wp-content\/uploads\/2021\/01\/joshua-woroniecki-lzh3hPtJz9c-unsplash-1536x1027.jpg 1536w, https:\/\/hrgamesonline.com\/wp-content\/uploads\/2021\/01\/joshua-woroniecki-lzh3hPtJz9c-unsplash-2048x1370.jpg 2048w\" \/><span class=\"the7-hover-icon\"><i aria-hidden=\"true\" class=\" icomoon-the7-font-the7-plus-04\"><\/i><\/span><\/a>\n\t\t<\/div>\n\t<\/div>\n\n\n<div class=\"post-entry-content\">\n\n\t<h3 class=\"ele-entry-title\"><a href=\"https:\/\/hrgamesonline.com\/fr\/project\/project019\/\" rel=\"bookmark\" title=\"Le jeu de la diff\u00e9rence en ligne\">Le jeu de la diff\u00e9rence en ligne<\/a><\/h3><div class=\"entry-meta\"><span class=\"meta-item category-link\"><a href=\"https:\/\/hrgamesonline.com\/fr\/project-category\/jeux-a-distance\/\" rel=\"tag\">Jeux \u00e0 distance<\/a><\/span><\/div>\n<\/div><\/article><\/div><div class=\"visible wf-cell iso-item category-12\" data-post-id=\"479\" data-date=\"2020-02-01T23:14:00+00:00\" data-name=\"Quiz interactif\"><article class=\"post visible post-479 dt_portfolio type-dt_portfolio status-publish has-post-thumbnail hentry dt_portfolio_category-jeux-a-distance\" data-name=\"Quiz interactif\" data-date=\"2020-02-01T23:14:00+00:00\">\n\n\t<div class=\"post-thumbnail-wrap\">\n\t\t<div class=\"post-thumbnail\">\n\n\t\t\t<a class=\"post-thumbnail-rollover layzr-bg img-css-resize-wrapper\" aria-label=\"Image article\" href=\"https:\/\/hrgamesonline.com\/fr\/project\/project017\/\"><img decoding=\"async\" width=\"2560\" height=\"1707\" src=\"data:image\/svg+xml,%3Csvg%20xmlns%3D&#039;http%3A%2F%2Fwww.w3.org%2F2000%2Fsvg&#039;%20viewBox%3D&#039;0%200%202560%201707&#039;%2F%3E\" class=\"attachment-full size-full preload-me aspect lazy lazy-load\" alt=\"\" sizes=\"(max-width: 2560px) 100vw, 2560px\" style=\"--ratio: 2560 \/ 1707;\" data-src=\"https:\/\/hrgamesonline.com\/wp-content\/uploads\/2021\/01\/jeshoots-com-2vD8lIhdnw-unsplash-scaled.jpg\" loading=\"eager\" data-srcset=\"https:\/\/hrgamesonline.com\/wp-content\/uploads\/2021\/01\/jeshoots-com-2vD8lIhdnw-unsplash-scaled.jpg 2560w, https:\/\/hrgamesonline.com\/wp-content\/uploads\/2021\/01\/jeshoots-com-2vD8lIhdnw-unsplash-300x200.jpg 300w, https:\/\/hrgamesonline.com\/wp-content\/uploads\/2021\/01\/jeshoots-com-2vD8lIhdnw-unsplash-1024x683.jpg 1024w, https:\/\/hrgamesonline.com\/wp-content\/uploads\/2021\/01\/jeshoots-com-2vD8lIhdnw-unsplash-768x512.jpg 768w, https:\/\/hrgamesonline.com\/wp-content\/uploads\/2021\/01\/jeshoots-com-2vD8lIhdnw-unsplash-1536x1024.jpg 1536w, https:\/\/hrgamesonline.com\/wp-content\/uploads\/2021\/01\/jeshoots-com-2vD8lIhdnw-unsplash-2048x1365.jpg 2048w\" \/><span class=\"the7-hover-icon\"><i aria-hidden=\"true\" class=\" icomoon-the7-font-the7-plus-04\"><\/i><\/span><\/a>\n\t\t<\/div>\n\t<\/div>\n\n\n<div class=\"post-entry-content\">\n\n\t<h3 class=\"ele-entry-title\"><a href=\"https:\/\/hrgamesonline.com\/fr\/project\/project017\/\" rel=\"bookmark\" title=\"Quiz interactif\">Quiz interactif<\/a><\/h3><div class=\"entry-meta\"><span class=\"meta-item category-link\"><a href=\"https:\/\/hrgamesonline.com\/fr\/project-category\/jeux-a-distance\/\" rel=\"tag\">Jeux \u00e0 distance<\/a><\/span><\/div>\n<\/div><\/article><\/div><\/div><!-- iso-container|iso-grid --><div class=\"paginator filter-decorations paginator-more-button filter-pointer-underline filter-animation-fade\">\n\t\t\t\t<a class=\"button-load-more highlighted filter-item\" href=\"javascript:void(0);\" data-dt-page=\"1\" ><span class=\"button-caption\">Charger la suite<\/span><\/a>\n\t\t\t<\/div><\/div>\t\t\t\t<\/div>\n\t\t\t\t<\/div>\n\t\t\t\t\t<\/div>\n\t\t<\/div>\n\t\t\t\t\t<\/div>\n\t\t<\/section>\n\t\t\t\t<section class=\"elementor-section elementor-top-section elementor-element elementor-element-382640f7 elementor-section-boxed elementor-section-height-default elementor-section-height-default\" data-id=\"382640f7\" data-element_type=\"section\">\n\t\t\t\t\t\t<div class=\"elementor-container elementor-column-gap-wider\">\n\t\t\t\t\t<div class=\"elementor-column elementor-col-100 elementor-top-column elementor-element elementor-element-6942894a\" data-id=\"6942894a\" data-element_type=\"column\">\n\t\t\t<div class=\"elementor-widget-wrap elementor-element-populated\">\n\t\t\t\t\t\t<div class=\"elementor-element elementor-element-4b3f1730 elementor-widget elementor-widget-heading\" data-id=\"4b3f1730\" data-element_type=\"widget\" data-widget_type=\"heading.default\">\n\t\t\t\t<div class=\"elementor-widget-container\">\n\t\t\t\t\t<h2 class=\"elementor-heading-title elementor-size-default\">Teambuilding en ligne<\/h2>\t\t\t\t<\/div>\n\t\t\t\t<\/div>\n\t\t\t\t<div class=\"elementor-element elementor-element-7e12d793 elementor-widget elementor-widget-text-editor\" data-id=\"7e12d793\" data-element_type=\"widget\" data-widget_type=\"text-editor.default\">\n\t\t\t\t<div class=\"elementor-widget-container\">\n\t\t\t\t\t\t\t\t\t<p>Jeux \u00e0 distance : pour offrir une exp\u00e9rience en ligne int\u00e9ressante.\u00a0<\/p><p>Nous avons mis en ligne nos jeux interactifs, amusants et \u00e9nergiques pour que les coll\u00e8gues puissent communiquer efficacement et travailler en \u00e9quipe.<\/p><p>Nos jeux \u00e0 distance conviennent pour :<\/p><ul><li>Le travail d&rsquo;\u00e9quipe : D\u00e9couvrez et apprenez la puissance de la collaboration en \u00e9quipe, m\u00eame lorsque vous ne travaillez pas ensemble !<\/li><li>La communication : Apprenez les avantages de l&rsquo;\u00e9coute et de l&rsquo;inclusion des autres, et comment travailler en ligne sous pression dans un environnement en \u00e9volution rapide.<\/li><li>Prise de d\u00e9cision : Comprendre les avantages d&rsquo;une prise de d\u00e9cision inclusive.<\/li><li>Respect culturel : Comprendre comment \u00eatre conscient de vos diff\u00e9rences et comment nos perceptions peuvent ne pas toujours \u00eatre justes.<\/li><\/ul><p>Nos jeux peuvent \u00eatre adapt\u00e9s pour r\u00e9pondre \u00e0 vos besoins sp\u00e9cifiques.\u00a0 Demandez-nous sans engagement quelles sont les possibilit\u00e9s !<\/p><p>\u00a0<\/p><p>\u00a0<\/p>\t\t\t\t\t\t\t\t<\/div>\n\t\t\t\t<\/div>\n\t\t\t\t\t<\/div>\n\t\t<\/div>\n\t\t\t\t\t<\/div>\n\t\t<\/section>\n\t\t\t\t<\/div>\n\t\t","protected":false},"excerpt":{"rendered":"<p>Nos jeux \u00e0 distance ! Jeux olympiques en ligne Jeux \u00e0 distance Quiz interactif Jeux \u00e0 distance Le jeu de la diff\u00e9rence en ligne Jeux \u00e0 distance Le jeu des \u00c9tats souverains Jeux hybrides Jeu de gestion de projet Jeux hybrides Qualit\u00e9 des donn\u00e9es et transfert d&rsquo;informations Jeux hybrides Le banquier Jeux hybrides Nourriture pour&hellip;<\/p>\n","protected":false},"author":1,"featured_media":0,"parent":0,"menu_order":5,"comment_status":"closed","ping_status":"closed","template":"elementor_header_footer","meta":{"footnotes":""},"class_list":["post-496","page","type-page","status-publish","hentry"],"yoast_head":"<!-- This site is optimized with the Yoast SEO plugin v25.6 - https:\/\/yoast.com\/wordpress\/plugins\/seo\/ -->\n<title>Les jeux - Hr Games Online<\/title>\n<meta name=\"robots\" content=\"index, follow, max-snippet:-1, max-image-preview:large, max-video-preview:-1\" \/>\n<link rel=\"canonical\" href=\"https:\/\/hrgamesonline.com\/fr\/les-jeux\/\" \/>\n<meta property=\"og:locale\" content=\"fr_FR\" \/>\n<meta property=\"og:type\" content=\"article\" \/>\n<meta property=\"og:title\" content=\"Les jeux - Hr Games Online\" \/>\n<meta property=\"og:description\" content=\"Nos jeux \u00e0 distance ! Jeux olympiques en ligne Jeux \u00e0 distance Quiz interactif Jeux \u00e0 distance Le jeu de la diff\u00e9rence en ligne Jeux \u00e0 distance Le jeu des \u00c9tats souverains Jeux hybrides Jeu de gestion de projet Jeux hybrides Qualit\u00e9 des donn\u00e9es et transfert d&rsquo;informations Jeux hybrides Le banquier Jeux hybrides Nourriture pour&hellip;\" \/>\n<meta property=\"og:url\" content=\"https:\/\/hrgamesonline.com\/fr\/les-jeux\/\" \/>\n<meta property=\"og:site_name\" content=\"Hr Games Online\" \/>\n<meta property=\"article:modified_time\" content=\"2021-01-22T09:36:37+00:00\" \/>\n<meta property=\"og:image\" content=\"data:image\/svg+xml,%3Csvg%20xmlns%3D&#39;http%3A%2F%2Fwww.w3.org%2F2000%2Fsvg&#39;%20viewBox%3D&#39;0%200%20960%20504&#39;%2F%3E\" \/>\n<meta name=\"twitter:card\" content=\"summary_large_image\" \/>\n<meta name=\"twitter:label1\" content=\"Dur\u00e9e de lecture estim\u00e9e\" \/>\n\t<meta name=\"twitter:data1\" content=\"3 minutes\" \/>\n<script type=\"application\/ld+json\" class=\"yoast-schema-graph\">{\"@context\":\"https:\/\/schema.org\",\"@graph\":[{\"@type\":\"WebPage\",\"@id\":\"https:\/\/hrgamesonline.com\/fr\/les-jeux\/\",\"url\":\"https:\/\/hrgamesonline.com\/fr\/les-jeux\/\",\"name\":\"Les jeux - Hr Games Online\",\"isPartOf\":{\"@id\":\"https:\/\/hrgamesonline.com\/fr\/#website\"},\"datePublished\":\"2020-03-16T15:40:07+00:00\",\"dateModified\":\"2021-01-22T09:36:37+00:00\",\"breadcrumb\":{\"@id\":\"https:\/\/hrgamesonline.com\/fr\/les-jeux\/#breadcrumb\"},\"inLanguage\":\"fr-FR\",\"potentialAction\":[{\"@type\":\"ReadAction\",\"target\":[\"https:\/\/hrgamesonline.com\/fr\/les-jeux\/\"]}]},{\"@type\":\"BreadcrumbList\",\"@id\":\"https:\/\/hrgamesonline.com\/fr\/les-jeux\/#breadcrumb\",\"itemListElement\":[{\"@type\":\"ListItem\",\"position\":1,\"name\":\"Home\",\"item\":\"https:\/\/hrgamesonline.com\/fr\/\"},{\"@type\":\"ListItem\",\"position\":2,\"name\":\"Les jeux\"}]},{\"@type\":\"WebSite\",\"@id\":\"https:\/\/hrgamesonline.com\/fr\/#website\",\"url\":\"https:\/\/hrgamesonline.com\/fr\/\",\"name\":\"Hr Games Online\",\"description\":\"HR hames online\",\"potentialAction\":[{\"@type\":\"SearchAction\",\"target\":{\"@type\":\"EntryPoint\",\"urlTemplate\":\"https:\/\/hrgamesonline.com\/fr\/?s={search_term_string}\"},\"query-input\":{\"@type\":\"PropertyValueSpecification\",\"valueRequired\":true,\"valueName\":\"search_term_string\"}}],\"inLanguage\":\"fr-FR\"}]}<\/script>\n<!-- \/ Yoast SEO plugin. -->","yoast_head_json":{"title":"Les jeux - Hr Games Online","robots":{"index":"index","follow":"follow","max-snippet":"max-snippet:-1","max-image-preview":"max-image-preview:large","max-video-preview":"max-video-preview:-1"},"canonical":"https:\/\/hrgamesonline.com\/fr\/les-jeux\/","og_locale":"fr_FR","og_type":"article","og_title":"Les jeux - Hr Games Online","og_description":"Nos jeux \u00e0 distance ! Jeux olympiques en ligne Jeux \u00e0 distance Quiz interactif Jeux \u00e0 distance Le jeu de la diff\u00e9rence en ligne Jeux \u00e0 distance Le jeu des \u00c9tats souverains Jeux hybrides Jeu de gestion de projet Jeux hybrides Qualit\u00e9 des donn\u00e9es et transfert d&rsquo;informations Jeux hybrides Le banquier Jeux hybrides Nourriture pour&hellip;","og_url":"https:\/\/hrgamesonline.com\/fr\/les-jeux\/","og_site_name":"Hr Games Online","article_modified_time":"2021-01-22T09:36:37+00:00","og_image":[{"url":"data:image\/svg+xml,%3Csvg%20xmlns%3D&#39;http%3A%2F%2Fwww.w3.org%2F2000%2Fsvg&#39;%20viewBox%3D&#39;0%200%20960%20504&#39;%2F%3E","type":"","width":"","height":""}],"twitter_card":"summary_large_image","twitter_misc":{"Dur\u00e9e de lecture estim\u00e9e":"3 minutes"},"schema":{"@context":"https:\/\/schema.org","@graph":[{"@type":"WebPage","@id":"https:\/\/hrgamesonline.com\/fr\/les-jeux\/","url":"https:\/\/hrgamesonline.com\/fr\/les-jeux\/","name":"Les jeux - Hr Games Online","isPartOf":{"@id":"https:\/\/hrgamesonline.com\/fr\/#website"},"datePublished":"2020-03-16T15:40:07+00:00","dateModified":"2021-01-22T09:36:37+00:00","breadcrumb":{"@id":"https:\/\/hrgamesonline.com\/fr\/les-jeux\/#breadcrumb"},"inLanguage":"fr-FR","potentialAction":[{"@type":"ReadAction","target":["https:\/\/hrgamesonline.com\/fr\/les-jeux\/"]}]},{"@type":"BreadcrumbList","@id":"https:\/\/hrgamesonline.com\/fr\/les-jeux\/#breadcrumb","itemListElement":[{"@type":"ListItem","position":1,"name":"Home","item":"https:\/\/hrgamesonline.com\/fr\/"},{"@type":"ListItem","position":2,"name":"Les jeux"}]},{"@type":"WebSite","@id":"https:\/\/hrgamesonline.com\/fr\/#website","url":"https:\/\/hrgamesonline.com\/fr\/","name":"Hr Games Online","description":"HR hames online","potentialAction":[{"@type":"SearchAction","target":{"@type":"EntryPoint","urlTemplate":"https:\/\/hrgamesonline.com\/fr\/?s={search_term_string}"},"query-input":{"@type":"PropertyValueSpecification","valueRequired":true,"valueName":"search_term_string"}}],"inLanguage":"fr-FR"}]}},"jetpack_sharing_enabled":true,"_links":{"self":[{"href":"https:\/\/hrgamesonline.com\/fr\/wp-json\/wp\/v2\/pages\/496"}],"collection":[{"href":"https:\/\/hrgamesonline.com\/fr\/wp-json\/wp\/v2\/pages"}],"about":[{"href":"https:\/\/hrgamesonline.com\/fr\/wp-json\/wp\/v2\/types\/page"}],"author":[{"embeddable":true,"href":"https:\/\/hrgamesonline.com\/fr\/wp-json\/wp\/v2\/users\/1"}],"replies":[{"embeddable":true,"href":"https:\/\/hrgamesonline.com\/fr\/wp-json\/wp\/v2\/comments?post=496"}],"version-history":[{"count":17,"href":"https:\/\/hrgamesonline.com\/fr\/wp-json\/wp\/v2\/pages\/496\/revisions"}],"predecessor-version":[{"id":3407,"href":"https:\/\/hrgamesonline.com\/fr\/wp-json\/wp\/v2\/pages\/496\/revisions\/3407"}],"wp:attachment":[{"href":"https:\/\/hrgamesonline.com\/fr\/wp-json\/wp\/v2\/media?parent=496"}],"curies":[{"name":"wp","href":"https:\/\/api.w.org\/{rel}","templated":true}]}}