{"id":17,"date":"2020-03-11T11:00:41","date_gmt":"2020-03-11T11:00:41","guid":{"rendered":"https:\/\/the7.io\/elementor-minimal-creative-light\/?page_id=17"},"modified":"2021-01-12T13:03:38","modified_gmt":"2021-01-12T13:03:38","slug":"contact","status":"publish","type":"page","link":"https:\/\/hrgamesonline.com\/fr\/contact\/","title":{"rendered":"Contact"},"content":{"rendered":"\t\t<div data-elementor-type=\"wp-page\" data-elementor-id=\"17\" class=\"elementor elementor-17\">\n\t\t\t\t\t\t<section class=\"elementor-section elementor-top-section elementor-element elementor-element-4852667f elementor-section-boxed elementor-section-height-default elementor-section-height-default\" data-id=\"4852667f\" data-element_type=\"section\">\n\t\t\t\t\t\t<div class=\"elementor-container elementor-column-gap-wider\">\n\t\t\t\t\t<div class=\"elementor-column elementor-col-100 elementor-top-column elementor-element elementor-element-989c620\" data-id=\"989c620\" data-element_type=\"column\">\n\t\t\t<div class=\"elementor-widget-wrap elementor-element-populated\">\n\t\t\t\t\t\t<div class=\"elementor-element elementor-element-6921386e elementor-widget elementor-widget-heading\" data-id=\"6921386e\" data-element_type=\"widget\" data-widget_type=\"heading.default\">\n\t\t\t\t<div class=\"elementor-widget-container\">\n\t\t\t\t\t<h2 class=\"elementor-heading-title elementor-size-default\">Demandez une d\u00e9mo<\/h2>\t\t\t\t<\/div>\n\t\t\t\t<\/div>\n\t\t\t\t<div class=\"elementor-element elementor-element-2e7b6651 elementor-widget elementor-widget-text-editor\" data-id=\"2e7b6651\" data-element_type=\"widget\" data-widget_type=\"text-editor.default\">\n\t\t\t\t<div class=\"elementor-widget-container\">\n\t\t\t\t\t\t\t\t\t<p><strong style=\"word-spacing: normal;\">Parlez-nous un peu plus de votre \u00e9v\u00e9nement et de votre \u00e9quipe <\/strong><span style=\"word-spacing: normal;\">et nous serons heureux de vous conseiller sur la fa\u00e7on dont vous pouvez tirer le meilleur parti de nos jeux d&rsquo;entreprise.<\/span><\/p><p><strong style=\"word-spacing: normal;\">Avec une d\u00e9mo vous serez convaincu par la qualit\u00e9, l&rsquo;efficacit\u00e9 et le professionnalisme de nos jeux!<\/strong><\/p>\n<p>Laissez-nous quelques informations ci-dessous, et nous vous recontacterons aujourd&rsquo;hui pour une discussion et une suggestion.<\/p>\t\t\t\t\t\t\t\t<\/div>\n\t\t\t\t<\/div>\n\t\t\t\t\t<\/div>\n\t\t<\/div>\n\t\t\t\t\t<\/div>\n\t\t<\/section>\n\t\t\t\t<section class=\"elementor-section elementor-top-section elementor-element elementor-element-b700ccb elementor-section-boxed elementor-section-height-default elementor-section-height-default\" data-id=\"b700ccb\" data-element_type=\"section\">\n\t\t\t\t\t\t<div class=\"elementor-container elementor-column-gap-default\">\n\t\t\t\t\t<div class=\"elementor-column elementor-col-100 elementor-top-column elementor-element elementor-element-e2df9e8\" data-id=\"e2df9e8\" data-element_type=\"column\">\n\t\t\t<div class=\"elementor-widget-wrap elementor-element-populated\">\n\t\t\t\t\t\t\t<\/div>\n\t\t<\/div>\n\t\t\t\t\t<\/div>\n\t\t<\/section>\n\t\t\t\t<section class=\"elementor-section elementor-top-section elementor-element elementor-element-49621fd elementor-section-boxed elementor-section-height-default elementor-section-height-default\" data-id=\"49621fd\" data-element_type=\"section\">\n\t\t\t\t\t\t<div class=\"elementor-container elementor-column-gap-default\">\n\t\t\t\t\t<div class=\"elementor-column elementor-col-100 elementor-top-column elementor-element elementor-element-a367b6d\" data-id=\"a367b6d\" data-element_type=\"column\">\n\t\t\t<div class=\"elementor-widget-wrap elementor-element-populated\">\n\t\t\t\t\t\t<div class=\"elementor-element elementor-element-82177cd elementor-widget elementor-widget-wp-widget-presscore-contact-form-widget\" data-id=\"82177cd\" data-element_type=\"widget\" data-widget_type=\"wp-widget-presscore-contact-form-widget.default\">\n\t\t\t\t<div class=\"elementor-widget-container\">\n\t\t\t\t\t<h5>Laissez nous votre message !<\/h5><form class=\"dt-contact-form dt-form\" method=\"post\"><input type=\"hidden\" name=\"widget_id\" value=\"presscore-contact-form-widget-REPLACE_TO_ID\" \/><input type=\"hidden\" name=\"send_message\" value=\"\" \/><input type=\"hidden\" name=\"security_token\" value=\"e4133b18dd45ebc6f746\"\/><div class=\"form-fields\"><span class=\"form-name\"><label class=\"assistive-text\">Nom *<\/label><input type=\"text\" class=\"validate[required]\" placeholder=\"Nom *\" name=\"name\" value=\"\" aria-required=\"true\">\n<\/span><span class=\"form-mail\"><label class=\"assistive-text\">E-mail *<\/label><input type=\"text\" class=\"validate[required,custom[email]]\" placeholder=\"E-mail *\" name=\"email\" value=\"\" aria-required=\"true\">\n<\/span><\/div><span class=\"form-message\"><label class=\"assistive-text\">Message<\/label><textarea placeholder=\"Message\" name=\"message\" rows=\"6\" aria-required=\"false\"><\/textarea>\n<\/span><p><a href=\"#\" class=\"dt-btn dt-btn-m dt-btn-submit\" rel=\"nofollow\"><span>Envoyer<\/span><\/a><input class=\"assistive-text\" type=\"submit\" value=\"envoyer\"><\/p><\/form>\n\t\t\t\t<\/div>\n\t\t\t\t<\/div>\n\t\t\t\t\t<\/div>\n\t\t<\/div>\n\t\t\t\t\t<\/div>\n\t\t<\/section>\n\t\t\t\t<section class=\"elementor-section elementor-top-section elementor-element elementor-element-3e683fbf elementor-section-boxed elementor-section-height-default elementor-section-height-default\" data-id=\"3e683fbf\" data-element_type=\"section\">\n\t\t\t\t\t\t<div class=\"elementor-container elementor-column-gap-wider\">\n\t\t\t\t\t<div class=\"elementor-column elementor-col-33 elementor-top-column elementor-element elementor-element-3d799f88\" data-id=\"3d799f88\" data-element_type=\"column\" data-settings=\"{&quot;background_background&quot;:&quot;classic&quot;}\">\n\t\t\t<div class=\"elementor-widget-wrap elementor-element-populated\">\n\t\t\t\t\t\t<div class=\"elementor-element elementor-element-53d3f6b elementor-widget elementor-widget-spacer\" data-id=\"53d3f6b\" data-element_type=\"widget\" data-widget_type=\"spacer.default\">\n\t\t\t\t<div class=\"elementor-widget-container\">\n\t\t\t\t\t\t\t<div class=\"elementor-spacer\">\n\t\t\t<div class=\"elementor-spacer-inner\"><\/div>\n\t\t<\/div>\n\t\t\t\t\t\t<\/div>\n\t\t\t\t<\/div>\n\t\t\t\t\t<\/div>\n\t\t<\/div>\n\t\t\t\t<div class=\"elementor-column elementor-col-33 elementor-top-column elementor-element elementor-element-7ad1eeb9\" data-id=\"7ad1eeb9\" data-element_type=\"column\" data-settings=\"{&quot;background_background&quot;:&quot;classic&quot;}\">\n\t\t\t<div class=\"elementor-widget-wrap elementor-element-populated\">\n\t\t\t\t\t\t<div class=\"elementor-element elementor-element-2df31ac5 elementor-view-default elementor-position-top elementor-mobile-position-top elementor-widget elementor-widget-icon-box\" data-id=\"2df31ac5\" data-element_type=\"widget\" data-widget_type=\"icon-box.default\">\n\t\t\t\t<div class=\"elementor-widget-container\">\n\t\t\t\t\t\t\t<div class=\"elementor-icon-box-wrapper\">\n\n\t\t\t\t\t\t<div class=\"elementor-icon-box-icon\">\n\t\t\t\t<span  class=\"elementor-icon elementor-animation-\">\n\t\t\t\t<i aria-hidden=\"true\" class=\"fas fa-phone-volume\"><\/i>\t\t\t\t<\/span>\n\t\t\t<\/div>\n\t\t\t\n\t\t\t\t\t\t<div class=\"elementor-icon-box-content\">\n\n\t\t\t\t\t\t\t\t\t<h4 class=\"elementor-icon-box-title\">\n\t\t\t\t\t\t<span  >\n\t\t\t\t\t\t\tT\u00e9l\u00e9phone\t\t\t\t\t\t<\/span>\n\t\t\t\t\t<\/h4>\n\t\t\t\t\n\t\t\t\t\n\t\t\t<\/div>\n\t\t\t\n\t\t<\/div>\n\t\t\t\t\t\t<\/div>\n\t\t\t\t<\/div>\n\t\t\t\t<div class=\"elementor-element elementor-element-dbad81c elementor-widget elementor-widget-text-editor\" data-id=\"dbad81c\" data-element_type=\"widget\" data-widget_type=\"text-editor.default\">\n\t\t\t\t<div class=\"elementor-widget-container\">\n\t\t\t\t\t\t\t\t\t<p>Account manager<\/p>\t\t\t\t\t\t\t\t<\/div>\n\t\t\t\t<\/div>\n\t\t\t\t<div class=\"elementor-element elementor-element-77dff13 elementor-widget elementor-widget-text-editor\" data-id=\"77dff13\" data-element_type=\"widget\" data-widget_type=\"text-editor.default\">\n\t\t\t\t<div class=\"elementor-widget-container\">\n\t\t\t\t\t\t\t\t\t<p>+32 67 85 47 89<\/p>\t\t\t\t\t\t\t\t<\/div>\n\t\t\t\t<\/div>\n\t\t\t\t<div class=\"elementor-element elementor-element-2d5334a elementor-widget elementor-widget-spacer\" data-id=\"2d5334a\" data-element_type=\"widget\" data-widget_type=\"spacer.default\">\n\t\t\t\t<div class=\"elementor-widget-container\">\n\t\t\t\t\t\t\t<div class=\"elementor-spacer\">\n\t\t\t<div class=\"elementor-spacer-inner\"><\/div>\n\t\t<\/div>\n\t\t\t\t\t\t<\/div>\n\t\t\t\t<\/div>\n\t\t\t\t\t<\/div>\n\t\t<\/div>\n\t\t\t\t<div class=\"elementor-column elementor-col-33 elementor-top-column elementor-element elementor-element-28e550ec\" data-id=\"28e550ec\" data-element_type=\"column\" data-settings=\"{&quot;background_background&quot;:&quot;classic&quot;}\">\n\t\t\t<div class=\"elementor-widget-wrap elementor-element-populated\">\n\t\t\t\t\t\t<div class=\"elementor-element elementor-element-5fe64f39 elementor-view-default elementor-position-top elementor-mobile-position-top elementor-widget elementor-widget-icon-box\" data-id=\"5fe64f39\" data-element_type=\"widget\" data-widget_type=\"icon-box.default\">\n\t\t\t\t<div class=\"elementor-widget-container\">\n\t\t\t\t\t\t\t<div class=\"elementor-icon-box-wrapper\">\n\n\t\t\t\t\t\t<div class=\"elementor-icon-box-icon\">\n\t\t\t\t<span  class=\"elementor-icon elementor-animation-\">\n\t\t\t\t<i aria-hidden=\"true\" class=\"fas fa-comments\"><\/i>\t\t\t\t<\/span>\n\t\t\t<\/div>\n\t\t\t\n\t\t\t\t\t\t<div class=\"elementor-icon-box-content\">\n\n\t\t\t\t\t\t\t\t\t<h4 class=\"elementor-icon-box-title\">\n\t\t\t\t\t\t<span  >\n\t\t\t\t\t\t\tEmail\t\t\t\t\t\t<\/span>\n\t\t\t\t\t<\/h4>\n\t\t\t\t\n\t\t\t\t\n\t\t\t<\/div>\n\t\t\t\n\t\t<\/div>\n\t\t\t\t\t\t<\/div>\n\t\t\t\t<\/div>\n\t\t\t\t<div class=\"elementor-element elementor-element-3ffee0a elementor-widget elementor-widget-text-editor\" data-id=\"3ffee0a\" data-element_type=\"widget\" data-widget_type=\"text-editor.default\">\n\t\t\t\t<div class=\"elementor-widget-container\">\n\t\t\t\t\t\t\t\t\t<p>Pour tout renseignement<\/p>\t\t\t\t\t\t\t\t<\/div>\n\t\t\t\t<\/div>\n\t\t\t\t<div class=\"elementor-element elementor-element-ec12637 elementor-widget elementor-widget-text-editor\" data-id=\"ec12637\" data-element_type=\"widget\" data-widget_type=\"text-editor.default\">\n\t\t\t\t<div class=\"elementor-widget-container\">\n\t\t\t\t\t\t\t\t\t<p>info@hrgamesonline.com<\/p>\t\t\t\t\t\t\t\t<\/div>\n\t\t\t\t<\/div>\n\t\t\t\t<div class=\"elementor-element elementor-element-550594d elementor-widget elementor-widget-spacer\" data-id=\"550594d\" data-element_type=\"widget\" data-widget_type=\"spacer.default\">\n\t\t\t\t<div class=\"elementor-widget-container\">\n\t\t\t\t\t\t\t<div class=\"elementor-spacer\">\n\t\t\t<div class=\"elementor-spacer-inner\"><\/div>\n\t\t<\/div>\n\t\t\t\t\t\t<\/div>\n\t\t\t\t<\/div>\n\t\t\t\t\t<\/div>\n\t\t<\/div>\n\t\t\t\t\t<\/div>\n\t\t<\/section>\n\t\t\t\t<\/div>\n\t\t","protected":false},"excerpt":{"rendered":"<p>Demandez une d\u00e9mo Parlez-nous un peu plus de votre \u00e9v\u00e9nement et de votre \u00e9quipe et nous serons heureux de vous conseiller sur la fa\u00e7on dont vous pouvez tirer le meilleur parti de nos jeux d&rsquo;entreprise. Avec une d\u00e9mo vous serez convaincu par la qualit\u00e9, l&rsquo;efficacit\u00e9 et le professionnalisme de nos jeux! Laissez-nous quelques informations ci-dessous,&hellip;<\/p>\n","protected":false},"author":1,"featured_media":0,"parent":0,"menu_order":90,"comment_status":"closed","ping_status":"closed","template":"elementor_header_footer","meta":{"footnotes":""},"class_list":["post-17","page","type-page","status-publish","hentry"],"yoast_head":"<!-- This site is optimized with the Yoast SEO plugin v25.6 - https:\/\/yoast.com\/wordpress\/plugins\/seo\/ -->\n<title>Contact - Hr Games Online<\/title>\n<meta name=\"robots\" content=\"index, follow, max-snippet:-1, max-image-preview:large, max-video-preview:-1\" \/>\n<link rel=\"canonical\" href=\"https:\/\/hrgamesonline.com\/fr\/contact\/\" \/>\n<meta property=\"og:locale\" content=\"fr_FR\" \/>\n<meta property=\"og:type\" content=\"article\" \/>\n<meta property=\"og:title\" content=\"Contact - Hr Games Online\" \/>\n<meta property=\"og:description\" content=\"Demandez une d\u00e9mo Parlez-nous un peu plus de votre \u00e9v\u00e9nement et de votre \u00e9quipe et nous serons heureux de vous conseiller sur la fa\u00e7on dont vous pouvez tirer le meilleur parti de nos jeux d&rsquo;entreprise. Avec une d\u00e9mo vous serez convaincu par la qualit\u00e9, l&rsquo;efficacit\u00e9 et le professionnalisme de nos jeux! Laissez-nous quelques informations ci-dessous,&hellip;\" \/>\n<meta property=\"og:url\" content=\"https:\/\/hrgamesonline.com\/fr\/contact\/\" \/>\n<meta property=\"og:site_name\" content=\"Hr Games Online\" \/>\n<meta property=\"article:modified_time\" content=\"2021-01-12T13:03:38+00:00\" \/>\n<meta name=\"twitter:card\" content=\"summary_large_image\" \/>\n<script type=\"application\/ld+json\" class=\"yoast-schema-graph\">{\"@context\":\"https:\/\/schema.org\",\"@graph\":[{\"@type\":\"WebPage\",\"@id\":\"https:\/\/hrgamesonline.com\/fr\/contact\/\",\"url\":\"https:\/\/hrgamesonline.com\/fr\/contact\/\",\"name\":\"Contact - Hr Games Online\",\"isPartOf\":{\"@id\":\"https:\/\/hrgamesonline.com\/fr\/#website\"},\"datePublished\":\"2020-03-11T11:00:41+00:00\",\"dateModified\":\"2021-01-12T13:03:38+00:00\",\"breadcrumb\":{\"@id\":\"https:\/\/hrgamesonline.com\/fr\/contact\/#breadcrumb\"},\"inLanguage\":\"fr-FR\",\"potentialAction\":[{\"@type\":\"ReadAction\",\"target\":[\"https:\/\/hrgamesonline.com\/fr\/contact\/\"]}]},{\"@type\":\"BreadcrumbList\",\"@id\":\"https:\/\/hrgamesonline.com\/fr\/contact\/#breadcrumb\",\"itemListElement\":[{\"@type\":\"ListItem\",\"position\":1,\"name\":\"Home\",\"item\":\"https:\/\/hrgamesonline.com\/fr\/\"},{\"@type\":\"ListItem\",\"position\":2,\"name\":\"Contact\"}]},{\"@type\":\"WebSite\",\"@id\":\"https:\/\/hrgamesonline.com\/fr\/#website\",\"url\":\"https:\/\/hrgamesonline.com\/fr\/\",\"name\":\"Hr Games Online\",\"description\":\"HR hames online\",\"potentialAction\":[{\"@type\":\"SearchAction\",\"target\":{\"@type\":\"EntryPoint\",\"urlTemplate\":\"https:\/\/hrgamesonline.com\/fr\/?s={search_term_string}\"},\"query-input\":{\"@type\":\"PropertyValueSpecification\",\"valueRequired\":true,\"valueName\":\"search_term_string\"}}],\"inLanguage\":\"fr-FR\"}]}<\/script>\n<!-- \/ Yoast SEO plugin. -->","yoast_head_json":{"title":"Contact - Hr Games Online","robots":{"index":"index","follow":"follow","max-snippet":"max-snippet:-1","max-image-preview":"max-image-preview:large","max-video-preview":"max-video-preview:-1"},"canonical":"https:\/\/hrgamesonline.com\/fr\/contact\/","og_locale":"fr_FR","og_type":"article","og_title":"Contact - Hr Games Online","og_description":"Demandez une d\u00e9mo Parlez-nous un peu plus de votre \u00e9v\u00e9nement et de votre \u00e9quipe et nous serons heureux de vous conseiller sur la fa\u00e7on dont vous pouvez tirer le meilleur parti de nos jeux d&rsquo;entreprise. Avec une d\u00e9mo vous serez convaincu par la qualit\u00e9, l&rsquo;efficacit\u00e9 et le professionnalisme de nos jeux! Laissez-nous quelques informations ci-dessous,&hellip;","og_url":"https:\/\/hrgamesonline.com\/fr\/contact\/","og_site_name":"Hr Games Online","article_modified_time":"2021-01-12T13:03:38+00:00","twitter_card":"summary_large_image","schema":{"@context":"https:\/\/schema.org","@graph":[{"@type":"WebPage","@id":"https:\/\/hrgamesonline.com\/fr\/contact\/","url":"https:\/\/hrgamesonline.com\/fr\/contact\/","name":"Contact - Hr Games Online","isPartOf":{"@id":"https:\/\/hrgamesonline.com\/fr\/#website"},"datePublished":"2020-03-11T11:00:41+00:00","dateModified":"2021-01-12T13:03:38+00:00","breadcrumb":{"@id":"https:\/\/hrgamesonline.com\/fr\/contact\/#breadcrumb"},"inLanguage":"fr-FR","potentialAction":[{"@type":"ReadAction","target":["https:\/\/hrgamesonline.com\/fr\/contact\/"]}]},{"@type":"BreadcrumbList","@id":"https:\/\/hrgamesonline.com\/fr\/contact\/#breadcrumb","itemListElement":[{"@type":"ListItem","position":1,"name":"Home","item":"https:\/\/hrgamesonline.com\/fr\/"},{"@type":"ListItem","position":2,"name":"Contact"}]},{"@type":"WebSite","@id":"https:\/\/hrgamesonline.com\/fr\/#website","url":"https:\/\/hrgamesonline.com\/fr\/","name":"Hr Games Online","description":"HR hames online","potentialAction":[{"@type":"SearchAction","target":{"@type":"EntryPoint","urlTemplate":"https:\/\/hrgamesonline.com\/fr\/?s={search_term_string}"},"query-input":{"@type":"PropertyValueSpecification","valueRequired":true,"valueName":"search_term_string"}}],"inLanguage":"fr-FR"}]}},"jetpack_sharing_enabled":true,"_links":{"self":[{"href":"https:\/\/hrgamesonline.com\/fr\/wp-json\/wp\/v2\/pages\/17"}],"collection":[{"href":"https:\/\/hrgamesonline.com\/fr\/wp-json\/wp\/v2\/pages"}],"about":[{"href":"https:\/\/hrgamesonline.com\/fr\/wp-json\/wp\/v2\/types\/page"}],"author":[{"embeddable":true,"href":"https:\/\/hrgamesonline.com\/fr\/wp-json\/wp\/v2\/users\/1"}],"replies":[{"embeddable":true,"href":"https:\/\/hrgamesonline.com\/fr\/wp-json\/wp\/v2\/comments?post=17"}],"version-history":[{"count":18,"href":"https:\/\/hrgamesonline.com\/fr\/wp-json\/wp\/v2\/pages\/17\/revisions"}],"predecessor-version":[{"id":3303,"href":"https:\/\/hrgamesonline.com\/fr\/wp-json\/wp\/v2\/pages\/17\/revisions\/3303"}],"wp:attachment":[{"href":"https:\/\/hrgamesonline.com\/fr\/wp-json\/wp\/v2\/media?parent=17"}],"curies":[{"name":"wp","href":"https:\/\/api.w.org\/{rel}","templated":true}]}}